{"id":60,"date":"2026-03-03T11:13:47","date_gmt":"2026-03-03T10:13:47","guid":{"rendered":"https:\/\/site28.monsitecommeunpro.fr\/?page_id=60"},"modified":"2026-03-10T08:16:17","modified_gmt":"2026-03-10T07:16:17","slug":"appartement","status":"publish","type":"page","link":"https:\/\/site28.monsitecommeunpro.fr\/?page_id=60","title":{"rendered":"Appartement"},"content":{"rendered":"\n<h1 class=\"wp-block-heading\"><\/h1>\n\n\n\n<h2 class=\"wp-block-heading\">\ud83c\udfe2 Appartements \u00e0 vendre \u00e0 Sedan<\/h2>\n\n\n\n<p>Vous souhaitez acheter un appartement pour y vivre ou investir ?<\/p>\n\n\n\n<p>CR Immobilier vous accompagne dans la recherche de :<\/p>\n\n\n\n<ul class=\"wp-block-list\">\n<li>Appartements en centre-ville<\/li>\n\n\n\n<li>Studios et T2 pour investissement locatif<\/li>\n\n\n\n<li>Appartements familiaux<\/li>\n\n\n\n<li>Biens r\u00e9nov\u00e9s ou \u00e0 fort potentiel<\/li>\n<\/ul>\n\n\n\n<p>Nous vous aidons \u00e0 :<\/p>\n\n\n\n<p>\u2714 Trouver le bien adapt\u00e9 \u00e0 votre budget<br>\u2714 \u00c9valuer la rentabilit\u00e9 locative<br>\u2714 S\u00e9curiser votre achat<br>\u2714 R\u00e9aliser une transaction sereine<\/p>\n\n\n\n<p>Notre priorit\u00e9 : vous proposer des appartements au juste prix et correspondant r\u00e9ellement \u00e0 vos crit\u00e8res.<\/p>\n\n\n\n<p>\ud83d\udc49 D\u00e9couvrez nos offres et planifiez une visite avec l\u2019un de nos conseillers.<\/p>\n\n\n\n<figure class=\"wp-block-gallery has-nested-images columns-default is-cropped wp-block-gallery-1 is-layout-flex wp-block-gallery-is-layout-flex\">\n<figure class=\"wp-block-image size-large\"><img loading=\"lazy\" decoding=\"async\" width=\"1024\" height=\"666\" data-id=\"137\" src=\"https:\/\/site28.monsitecommeunpro.fr\/wp-content\/uploads\/2026\/03\/Image-3-1-1024x666.jpeg\" alt=\"\" class=\"wp-image-137\" srcset=\"https:\/\/site28.monsitecommeunpro.fr\/wp-content\/uploads\/2026\/03\/Image-3-1-1024x666.jpeg 1024w, https:\/\/site28.monsitecommeunpro.fr\/wp-content\/uploads\/2026\/03\/Image-3-1-300x195.jpeg 300w, https:\/\/site28.monsitecommeunpro.fr\/wp-content\/uploads\/2026\/03\/Image-3-1-768x499.jpeg 768w, https:\/\/site28.monsitecommeunpro.fr\/wp-content\/uploads\/2026\/03\/Image-3-1-1536x998.jpeg 1536w, https:\/\/site28.monsitecommeunpro.fr\/wp-content\/uploads\/2026\/03\/Image-3-1.jpeg 1920w\" sizes=\"auto, (max-width: 1024px) 100vw, 1024px\" \/><\/figure>\n\n\n\n<figure class=\"wp-block-image size-large\"><img loading=\"lazy\" decoding=\"async\" width=\"1024\" height=\"602\" data-id=\"136\" src=\"https:\/\/site28.monsitecommeunpro.fr\/wp-content\/uploads\/2026\/03\/Image-4-1-1024x602.jpeg\" alt=\"\" class=\"wp-image-136\" srcset=\"https:\/\/site28.monsitecommeunpro.fr\/wp-content\/uploads\/2026\/03\/Image-4-1-1024x602.jpeg 1024w, https:\/\/site28.monsitecommeunpro.fr\/wp-content\/uploads\/2026\/03\/Image-4-1-300x176.jpeg 300w, https:\/\/site28.monsitecommeunpro.fr\/wp-content\/uploads\/2026\/03\/Image-4-1-768x451.jpeg 768w, https:\/\/site28.monsitecommeunpro.fr\/wp-content\/uploads\/2026\/03\/Image-4-1.jpeg 1200w\" sizes=\"auto, (max-width: 1024px) 100vw, 1024px\" \/><\/figure>\n\n\n\n<figure class=\"wp-block-image size-large\"><img loading=\"lazy\" decoding=\"async\" width=\"650\" height=\"429\" data-id=\"135\" src=\"https:\/\/site28.monsitecommeunpro.fr\/wp-content\/uploads\/2026\/03\/Image-5-1.jpeg\" alt=\"\" class=\"wp-image-135\" srcset=\"https:\/\/site28.monsitecommeunpro.fr\/wp-content\/uploads\/2026\/03\/Image-5-1.jpeg 650w, https:\/\/site28.monsitecommeunpro.fr\/wp-content\/uploads\/2026\/03\/Image-5-1-300x198.jpeg 300w\" sizes=\"auto, (max-width: 650px) 100vw, 650px\" \/><\/figure>\n<\/figure>\n","protected":false},"excerpt":{"rendered":"<p>\ud83c\udfe2 Appartements \u00e0 vendre \u00e0 Sedan Vous souhaitez acheter un appartement pour y vivre ou investir ? CR Immobilier vous [&hellip;]<\/p>\n","protected":false},"author":1,"featured_media":0,"parent":0,"menu_order":0,"comment_status":"closed","ping_status":"closed","template":"","meta":{"_uag_custom_page_level_css":"","site-sidebar-layout":"default","site-content-layout":"","ast-site-content-layout":"default","site-content-style":"default","site-sidebar-style":"default","ast-global-header-display":"","ast-banner-title-visibility":"","ast-main-header-display":"","ast-hfb-above-header-display":"","ast-hfb-below-header-display":"","ast-hfb-mobile-header-display":"","site-post-title":"disabled","ast-breadcrumbs-content":"","ast-featured-img":"","footer-sml-layout":"","theme-transparent-header-meta":"","adv-header-id-meta":"","stick-header-meta":"","header-above-stick-meta":"","header-main-stick-meta":"","header-below-stick-meta":"","astra-migrate-meta-layouts":"default","ast-page-background-enabled":"default","ast-page-background-meta":{"desktop":{"background-color":"var(--ast-global-color-5)","background-image":"","background-repeat":"repeat","background-position":"center center","background-size":"auto","background-attachment":"scroll","background-type":"","background-media":"","overlay-type":"","overlay-color":"","overlay-opacity":"","overlay-gradient":""},"tablet":{"background-color":"","background-image":"","background-repeat":"repeat","background-position":"center center","background-size":"auto","background-attachment":"scroll","background-type":"","background-media":"","overlay-type":"","overlay-color":"","overlay-opacity":"","overlay-gradient":""},"mobile":{"background-color":"","background-image":"","background-repeat":"repeat","background-position":"center center","background-size":"auto","background-attachment":"scroll","background-type":"","background-media":"","overlay-type":"","overlay-color":"","overlay-opacity":"","overlay-gradient":""}},"ast-content-background-meta":{"desktop":{"background-color":"var(--ast-global-color-4)","background-image":"","background-repeat":"repeat","background-position":"center center","background-size":"auto","background-attachment":"scroll","background-type":"","background-media":"","overlay-type":"","overlay-color":"","overlay-opacity":"","overlay-gradient":""},"tablet":{"background-color":"var(--ast-global-color-4)","background-image":"","background-repeat":"repeat","background-position":"center center","background-size":"auto","background-attachment":"scroll","background-type":"","background-media":"","overlay-type":"","overlay-color":"","overlay-opacity":"","overlay-gradient":""},"mobile":{"background-color":"var(--ast-global-color-4)","background-image":"","background-repeat":"repeat","background-position":"center center","background-size":"auto","background-attachment":"scroll","background-type":"","background-media":"","overlay-type":"","overlay-color":"","overlay-opacity":"","overlay-gradient":""}},"footnotes":""},"class_list":["post-60","page","type-page","status-publish","hentry"],"yoast_head":"<!-- This site is optimized with the Yoast SEO plugin v27.0 - https:\/\/yoast.com\/product\/yoast-seo-wordpress\/ -->\n<title>Appartement -<\/title>\n<meta name=\"robots\" content=\"index, follow, max-snippet:-1, max-image-preview:large, max-video-preview:-1\" \/>\n<link rel=\"canonical\" href=\"https:\/\/site28.monsitecommeunpro.fr\/?page_id=60\" \/>\n<meta property=\"og:locale\" content=\"fr_FR\" \/>\n<meta property=\"og:type\" content=\"article\" \/>\n<meta property=\"og:title\" content=\"Appartement -\" \/>\n<meta property=\"og:description\" content=\"\ud83c\udfe2 Appartements \u00e0 vendre \u00e0 Sedan Vous souhaitez acheter un appartement pour y vivre ou investir ? CR Immobilier vous [&hellip;]\" \/>\n<meta property=\"og:url\" content=\"https:\/\/site28.monsitecommeunpro.fr\/?page_id=60\" \/>\n<meta property=\"article:modified_time\" content=\"2026-03-10T07:16:17+00:00\" \/>\n<meta property=\"og:image\" content=\"https:\/\/site28.monsitecommeunpro.fr\/wp-content\/uploads\/2026\/03\/Image-3-1.jpeg\" \/>\n\t<meta property=\"og:image:width\" content=\"1920\" \/>\n\t<meta property=\"og:image:height\" content=\"1248\" \/>\n\t<meta property=\"og:image:type\" content=\"image\/jpeg\" \/>\n<meta name=\"twitter:card\" content=\"summary_large_image\" \/>\n<script type=\"application\/ld+json\" class=\"yoast-schema-graph\">{\"@context\":\"https:\/\/schema.org\",\"@graph\":[{\"@type\":\"WebPage\",\"@id\":\"https:\/\/site28.monsitecommeunpro.fr\/?page_id=60\",\"url\":\"https:\/\/site28.monsitecommeunpro.fr\/?page_id=60\",\"name\":\"Appartement -\",\"isPartOf\":{\"@id\":\"https:\/\/site28.monsitecommeunpro.fr\/#website\"},\"primaryImageOfPage\":{\"@id\":\"https:\/\/site28.monsitecommeunpro.fr\/?page_id=60#primaryimage\"},\"image\":{\"@id\":\"https:\/\/site28.monsitecommeunpro.fr\/?page_id=60#primaryimage\"},\"thumbnailUrl\":\"https:\/\/site28.monsitecommeunpro.fr\/wp-content\/uploads\/2026\/03\/Image-3-1-1024x666.jpeg\",\"datePublished\":\"2026-03-03T10:13:47+00:00\",\"dateModified\":\"2026-03-10T07:16:17+00:00\",\"breadcrumb\":{\"@id\":\"https:\/\/site28.monsitecommeunpro.fr\/?page_id=60#breadcrumb\"},\"inLanguage\":\"fr-FR\",\"potentialAction\":[{\"@type\":\"ReadAction\",\"target\":[\"https:\/\/site28.monsitecommeunpro.fr\/?page_id=60\"]}]},{\"@type\":\"ImageObject\",\"inLanguage\":\"fr-FR\",\"@id\":\"https:\/\/site28.monsitecommeunpro.fr\/?page_id=60#primaryimage\",\"url\":\"https:\/\/site28.monsitecommeunpro.fr\/wp-content\/uploads\/2026\/03\/Image-3-1.jpeg\",\"contentUrl\":\"https:\/\/site28.monsitecommeunpro.fr\/wp-content\/uploads\/2026\/03\/Image-3-1.jpeg\",\"width\":1920,\"height\":1248},{\"@type\":\"BreadcrumbList\",\"@id\":\"https:\/\/site28.monsitecommeunpro.fr\/?page_id=60#breadcrumb\",\"itemListElement\":[{\"@type\":\"ListItem\",\"position\":1,\"name\":\"Accueil\",\"item\":\"https:\/\/site28.monsitecommeunpro.fr\/\"},{\"@type\":\"ListItem\",\"position\":2,\"name\":\"Appartement\"}]},{\"@type\":\"WebSite\",\"@id\":\"https:\/\/site28.monsitecommeunpro.fr\/#website\",\"url\":\"https:\/\/site28.monsitecommeunpro.fr\/\",\"name\":\"\",\"description\":\"\",\"potentialAction\":[{\"@type\":\"SearchAction\",\"target\":{\"@type\":\"EntryPoint\",\"urlTemplate\":\"https:\/\/site28.monsitecommeunpro.fr\/?s={search_term_string}\"},\"query-input\":{\"@type\":\"PropertyValueSpecification\",\"valueRequired\":true,\"valueName\":\"search_term_string\"}}],\"inLanguage\":\"fr-FR\"}]}<\/script>\n<!-- \/ Yoast SEO plugin. -->","yoast_head_json":{"title":"Appartement -","robots":{"index":"index","follow":"follow","max-snippet":"max-snippet:-1","max-image-preview":"max-image-preview:large","max-video-preview":"max-video-preview:-1"},"canonical":"https:\/\/site28.monsitecommeunpro.fr\/?page_id=60","og_locale":"fr_FR","og_type":"article","og_title":"Appartement -","og_description":"\ud83c\udfe2 Appartements \u00e0 vendre \u00e0 Sedan Vous souhaitez acheter un appartement pour y vivre ou investir ? CR Immobilier vous [&hellip;]","og_url":"https:\/\/site28.monsitecommeunpro.fr\/?page_id=60","article_modified_time":"2026-03-10T07:16:17+00:00","og_image":[{"width":1920,"height":1248,"url":"https:\/\/site28.monsitecommeunpro.fr\/wp-content\/uploads\/2026\/03\/Image-3-1.jpeg","type":"image\/jpeg"}],"twitter_card":"summary_large_image","schema":{"@context":"https:\/\/schema.org","@graph":[{"@type":"WebPage","@id":"https:\/\/site28.monsitecommeunpro.fr\/?page_id=60","url":"https:\/\/site28.monsitecommeunpro.fr\/?page_id=60","name":"Appartement -","isPartOf":{"@id":"https:\/\/site28.monsitecommeunpro.fr\/#website"},"primaryImageOfPage":{"@id":"https:\/\/site28.monsitecommeunpro.fr\/?page_id=60#primaryimage"},"image":{"@id":"https:\/\/site28.monsitecommeunpro.fr\/?page_id=60#primaryimage"},"thumbnailUrl":"https:\/\/site28.monsitecommeunpro.fr\/wp-content\/uploads\/2026\/03\/Image-3-1-1024x666.jpeg","datePublished":"2026-03-03T10:13:47+00:00","dateModified":"2026-03-10T07:16:17+00:00","breadcrumb":{"@id":"https:\/\/site28.monsitecommeunpro.fr\/?page_id=60#breadcrumb"},"inLanguage":"fr-FR","potentialAction":[{"@type":"ReadAction","target":["https:\/\/site28.monsitecommeunpro.fr\/?page_id=60"]}]},{"@type":"ImageObject","inLanguage":"fr-FR","@id":"https:\/\/site28.monsitecommeunpro.fr\/?page_id=60#primaryimage","url":"https:\/\/site28.monsitecommeunpro.fr\/wp-content\/uploads\/2026\/03\/Image-3-1.jpeg","contentUrl":"https:\/\/site28.monsitecommeunpro.fr\/wp-content\/uploads\/2026\/03\/Image-3-1.jpeg","width":1920,"height":1248},{"@type":"BreadcrumbList","@id":"https:\/\/site28.monsitecommeunpro.fr\/?page_id=60#breadcrumb","itemListElement":[{"@type":"ListItem","position":1,"name":"Accueil","item":"https:\/\/site28.monsitecommeunpro.fr\/"},{"@type":"ListItem","position":2,"name":"Appartement"}]},{"@type":"WebSite","@id":"https:\/\/site28.monsitecommeunpro.fr\/#website","url":"https:\/\/site28.monsitecommeunpro.fr\/","name":"","description":"","potentialAction":[{"@type":"SearchAction","target":{"@type":"EntryPoint","urlTemplate":"https:\/\/site28.monsitecommeunpro.fr\/?s={search_term_string}"},"query-input":{"@type":"PropertyValueSpecification","valueRequired":true,"valueName":"search_term_string"}}],"inLanguage":"fr-FR"}]}},"uagb_featured_image_src":{"full":false,"thumbnail":false,"medium":false,"medium_large":false,"large":false,"1536x1536":false,"2048x2048":false},"uagb_author_info":{"display_name":"admin","author_link":"https:\/\/site28.monsitecommeunpro.fr\/?author=1"},"uagb_comment_info":0,"uagb_excerpt":"\ud83c\udfe2 Appartements \u00e0 vendre \u00e0 Sedan Vous souhaitez acheter un appartement pour y vivre ou investir ? CR Immobilier vous [&hellip;]","_links":{"self":[{"href":"https:\/\/site28.monsitecommeunpro.fr\/index.php?rest_route=\/wp\/v2\/pages\/60","targetHints":{"allow":["GET"]}}],"collection":[{"href":"https:\/\/site28.monsitecommeunpro.fr\/index.php?rest_route=\/wp\/v2\/pages"}],"about":[{"href":"https:\/\/site28.monsitecommeunpro.fr\/index.php?rest_route=\/wp\/v2\/types\/page"}],"author":[{"embeddable":true,"href":"https:\/\/site28.monsitecommeunpro.fr\/index.php?rest_route=\/wp\/v2\/users\/1"}],"replies":[{"embeddable":true,"href":"https:\/\/site28.monsitecommeunpro.fr\/index.php?rest_route=%2Fwp%2Fv2%2Fcomments&post=60"}],"version-history":[{"count":3,"href":"https:\/\/site28.monsitecommeunpro.fr\/index.php?rest_route=\/wp\/v2\/pages\/60\/revisions"}],"predecessor-version":[{"id":138,"href":"https:\/\/site28.monsitecommeunpro.fr\/index.php?rest_route=\/wp\/v2\/pages\/60\/revisions\/138"}],"wp:attachment":[{"href":"https:\/\/site28.monsitecommeunpro.fr\/index.php?rest_route=%2Fwp%2Fv2%2Fmedia&parent=60"}],"curies":[{"name":"wp","href":"https:\/\/api.w.org\/{rel}","templated":true}]}}